{"id":4300,"date":"2023-03-29T23:59:42","date_gmt":"2023-03-29T20:59:42","guid":{"rendered":"https:\/\/ousontpasseslesdugongs.org\/blog\/?page_id=4300"},"modified":"2023-03-29T23:59:43","modified_gmt":"2023-03-29T20:59:43","slug":"le-voyage-au-mexique","status":"publish","type":"page","link":"https:\/\/ousontpasseslesdugongs.org\/blog\/?page_id=4300","title":{"rendered":"Le voyage au Mexique"},"content":{"rendered":"<ul class=\"wp-block-latest-posts__list wp-block-latest-posts\"><li><a class=\"wp-block-latest-posts__post-title\" href=\"https:\/\/ousontpasseslesdugongs.org\/blog\/?p=4296\">La carte du voyage au Mexique<\/a><div class=\"wp-block-latest-posts__post-full-content\"><!-- wp:paragraph -->\n<p>Voici la carte de nos \u00e9tapes depuis la Martinique, la Floride et le Mexique. Il manque encore quelques articles mais ils devraient bient\u00f4t arriver. Bon voyage !<\/p>\n<!-- \/wp:paragraph -->\n\n<!-- wp:paragraph -->\n<div id=\"travelersmap-container-69f1e7d4b5298\" class=\"travelersmap-container\" style=\"z-index: 1; min-height: 10px; min-width:10px; height:600px;width:100%; max-width:; max-height:; position:relative;\"><div style=\"position:absolute; z-index:-1;top: 50%;text-align: center;display: block;left: 50%;transform: translate(-50%,-50%);\">Travelers' Map is loading...<br>If you see this after your page is loaded completely, leafletJS files are missing.<\/div><\/div>\n<!-- \/wp:paragraph --><\/div><\/li>\n<li><a class=\"wp-block-latest-posts__post-title\" href=\"https:\/\/ousontpasseslesdugongs.org\/blog\/?p=4286\">Le parc naturel national de Montebello : par la terre<\/a><div class=\"wp-block-latest-posts__post-full-content\"><!-- wp:paragraph -->\n<p>Dans les montagnes du Chiapas, se niche un joli floril\u00e8ge de lagunes. Ce sont les lagunes du parc naturel national de Montebello. Nous avons parcouru certaines de ces beaut\u00e9s \u00e0 pieds \u00e0 la rencontre des fleurs et des eaux. Ici notamment la randonn\u00e9e entre le \u00ab\u00a0lago Pojoj\u00a0\u00bb et le \u00ab\u00a0cinco lagos\u00a0\u00bb.<\/p>\n<!-- \/wp:paragraph -->\n\n<!-- wp:video {\"id\":4280} -->\n<figure class=\"wp-block-video\"><video controls poster=\"https:\/\/ousontpasseslesdugongs.org\/blog\/wp-content\/uploads\/2023\/03\/20230306_095737-scaled.jpg\" src=\"https:\/\/ousontpasseslesdugongs.org\/blog\/wp-content\/uploads\/2023\/03\/Le_parc_national_Lagunas_de_Montebello__compress.mp4\"><\/video><\/figure>\n<!-- \/wp:video --><\/div><\/li>\n<li><a class=\"wp-block-latest-posts__post-title\" href=\"https:\/\/ousontpasseslesdugongs.org\/blog\/?p=4274\">Les cascades El Chifl\u00f2n<\/a><div class=\"wp-block-latest-posts__post-full-content\"><!-- wp:paragraph -->\n<p>On adore les cascades, alors encore une petite dose toujours au Chiapas avant de rejoindre San Christobal de Las Casas. C&rsquo;est maintenant des cascades en cascade que l&rsquo;on monte \u00e0 pied et redescend en tyrolienne.<\/p>\n<!-- \/wp:paragraph -->\n\n<!-- wp:video {\"id\":4282} -->\n<figure class=\"wp-block-video\"><video controls poster=\"https:\/\/ousontpasseslesdugongs.org\/blog\/wp-content\/uploads\/2023\/03\/GOPR1038_ALTA566422000252515624-scaled.jpg\" src=\"https:\/\/ousontpasseslesdugongs.org\/blog\/wp-content\/uploads\/2023\/03\/Les_cascades_El_Chiflon_Compress.mp4\"><\/video><\/figure>\n<!-- \/wp:video --><\/div><\/li>\n<li><a class=\"wp-block-latest-posts__post-title\" href=\"https:\/\/ousontpasseslesdugongs.org\/blog\/?p=4246\">Les gardiennes des for\u00eats du Chiapas<\/a><div class=\"wp-block-latest-posts__post-full-content\"><!-- wp:paragraph -->\n<p>Nous avons pass\u00e9 de merveilleux moments avec les gardiennes des for\u00eats&#8230; <\/p>\n<!-- \/wp:paragraph -->\n\n<!-- wp:video {\"id\":4243} -->\n<figure class=\"wp-block-video\"><video controls poster=\"https:\/\/ousontpasseslesdugongs.org\/blog\/wp-content\/uploads\/2023\/03\/20230304_084300-scaled.jpg\" src=\"https:\/\/ousontpasseslesdugongs.org\/blog\/wp-content\/uploads\/2023\/03\/Les_gardiennes_de_la_foret__compress.mp4\"><\/video><\/figure>\n<!-- \/wp:video --><\/div><\/li>\n<li><a class=\"wp-block-latest-posts__post-title\" href=\"https:\/\/ousontpasseslesdugongs.org\/blog\/?p=4244\">Les lacandons de Montes Azules<\/a><div class=\"wp-block-latest-posts__post-full-content\"><!-- wp:paragraph -->\n<p>Rencontre avec les lacandons du Chiapas. <\/p>\n<!-- \/wp:paragraph -->\n\n<!-- wp:video {\"id\":4242} -->\n<figure class=\"wp-block-video\"><video controls poster=\"https:\/\/ousontpasseslesdugongs.org\/blog\/wp-content\/uploads\/2023\/03\/20230304_082115-scaled.jpg\" src=\"https:\/\/ousontpasseslesdugongs.org\/blog\/wp-content\/uploads\/2023\/03\/La_foret_et_les_lacandons_de_Montes_Azules_Compress.mp4\"><\/video><\/figure>\n<!-- \/wp:video --><\/div><\/li>\n<li><a class=\"wp-block-latest-posts__post-title\" href=\"https:\/\/ousontpasseslesdugongs.org\/blog\/?p=4220\">Les d\u00e9licieuses cascades de Roberto Barrios<\/a><div class=\"wp-block-latest-posts__post-full-content\"><!-- wp:paragraph -->\n<p>Au c\u0153ur du Chiapas, non loin des ruines de Palenque, se cachent dans la for\u00eat les d\u00e9licieuses cascades du village de Roberto Barrios. Cet \u00e9crin de nature reste prot\u00e9g\u00e9 de l&rsquo;ivresse des investissements touristiques gr\u00e2ce \u00e0 ses habitants qui r\u00e9sistent.<\/p>\n<!-- \/wp:paragraph -->\n\n<!-- wp:paragraph -->\n<p>Ils nous reste plus qu&rsquo;\u00e0 appr\u00e9cier ce moment&#8230;<\/p>\n<!-- \/wp:paragraph -->\n\n<!-- wp:video {\"id\":4219} -->\n<figure class=\"wp-block-video\"><video controls poster=\"https:\/\/ousontpasseslesdugongs.org\/blog\/wp-content\/uploads\/2023\/03\/20230303_115822-scaled.jpg\" src=\"https:\/\/ousontpasseslesdugongs.org\/blog\/wp-content\/uploads\/2023\/03\/cascades_de_Roberto_Barrios_compress.mp4\"><\/video><\/figure>\n<!-- \/wp:video --><\/div><\/li>\n<li><a class=\"wp-block-latest-posts__post-title\" href=\"https:\/\/ousontpasseslesdugongs.org\/blog\/?p=4214\">Palenque : les ruines nous racontent&#8230;<\/a><div class=\"wp-block-latest-posts__post-full-content\"><!-- wp:paragraph -->\n<p>Parfois on tente de comprendre l&rsquo;histoire de nos humanit\u00e9s en fouillant dans les ruines \u00e9pargn\u00e9es par les temps. Pourquoi de si grandes civilisations ont disparu ? Comment s&rsquo;organisaient t&rsquo;ils? Les Mayas? \u00c7a veut dire quoi? D&rsquo;apr\u00e8s Victor, notre guide de Palenque, \u00e7a veut juste dire \u00ab\u00a0je ne comprends pas\u00a0\u00bb! Et puis, il y a des sculptures, des architectures, des choses qui rappellent la Gr\u00e8ce, l&rsquo;inde, l&rsquo;\u00c9gypte&#8230; L&rsquo;humanit\u00e9 semble dou\u00e9e pour s&rsquo;organiser, idol\u00e2trer des id\u00e9es des dieux puis tout voir s&rsquo;effondrer puis rena\u00eetre&#8230; on enterre des rois sous de lourdes pierres puis on laisse mijoter.<\/p>\n<!-- \/wp:paragraph -->\n\n<!-- wp:paragraph -->\n<p>Palenque est un lieu plein de secrets, et c&rsquo;est merveilleux d&rsquo;imaginer, de toucher les pierres qui ont accueilli des amants, des col\u00e8res, des pri\u00e8res&#8230; Nous avons pass\u00e9 une journ\u00e9e riche et nous en sortons avec encore plus de doutes que de certitudes.<\/p>\n<!-- \/wp:paragraph -->\n\n<!-- wp:video {\"id\":4212} -->\n<figure class=\"wp-block-video\"><video controls poster=\"https:\/\/ousontpasseslesdugongs.org\/blog\/wp-content\/uploads\/2023\/03\/20230302_123803-scaled.jpg\" src=\"https:\/\/ousontpasseslesdugongs.org\/blog\/wp-content\/uploads\/2023\/03\/Les_secrets_des_ruines_de_Palenque_compress.mp4\"><\/video><\/figure>\n<!-- \/wp:video --><\/div><\/li>\n<li><a class=\"wp-block-latest-posts__post-title\" href=\"https:\/\/ousontpasseslesdugongs.org\/blog\/?p=4201\">Sur la route<\/a><div class=\"wp-block-latest-posts__post-full-content\"><!-- wp:paragraph -->\n<p>Petit reportage de l&rsquo;ambiance \u00e0 bord sur les routes et surtout, on vous parle de notre plus grande angoisse ! On en rigole, mais \u00e0 bord, c&rsquo;est une vigilance de chaque instant pour ne pas se retrouver comme sans un ouragan&#8230; non non on exag\u00e8re pas du tout !<\/p>\n<!-- \/wp:paragraph -->\n\n<!-- wp:video {\"id\":4180} -->\n<figure class=\"wp-block-video\"><video controls poster=\"https:\/\/ousontpasseslesdugongs.org\/blog\/wp-content\/uploads\/2023\/03\/20230228_163757-scaled.jpg\" src=\"https:\/\/ousontpasseslesdugongs.org\/blog\/wp-content\/uploads\/2023\/03\/Sur_la_route_compress.mp4\"><\/video><\/figure>\n<!-- \/wp:video --><\/div><\/li>\n<li><a class=\"wp-block-latest-posts__post-title\" href=\"https:\/\/ousontpasseslesdugongs.org\/blog\/?p=4199\">Tlacotalpan : sous son charme<\/a><div class=\"wp-block-latest-posts__post-full-content\"><!-- wp:paragraph -->\n<p>Sur la route pour descendre au Chiapas, nous avons pu faire escale dans une ville magnifique o\u00f9 la vie semble se d\u00e9rouler tout en douceur&#8230;<\/p>\n<!-- \/wp:paragraph -->\n\n<!-- wp:video {\"id\":4181} -->\n<figure class=\"wp-block-video\"><video controls poster=\"https:\/\/ousontpasseslesdugongs.org\/blog\/wp-content\/uploads\/2023\/03\/20230301_073241-scaled.jpg\" src=\"https:\/\/ousontpasseslesdugongs.org\/blog\/wp-content\/uploads\/2023\/03\/Tlacotalpan_compress.mp4\"><\/video><\/figure>\n<!-- \/wp:video --><\/div><\/li>\n<li><a class=\"wp-block-latest-posts__post-title\" href=\"https:\/\/ousontpasseslesdugongs.org\/blog\/?p=4197\">Mexicoooooooo<\/a><div class=\"wp-block-latest-posts__post-full-content\"><!-- wp:paragraph -->\n<p>Courte visite dans la ville infinie! Une capitale pleine de richesses et de quartiers dynamiques o\u00f9 il est tout de m\u00eame difficile de bien respirer \u00e0 cause de la pollution de l&rsquo;air !<\/p>\n<!-- \/wp:paragraph -->\n\n<!-- wp:video {\"id\":4171} -->\n<figure class=\"wp-block-video\"><video controls poster=\"https:\/\/ousontpasseslesdugongs.org\/blog\/wp-content\/uploads\/2023\/03\/20230227_135024-scaled.jpg\" src=\"https:\/\/ousontpasseslesdugongs.org\/blog\/wp-content\/uploads\/2023\/03\/Mexicooooo_La_cathedrale_compress.mp4\"><\/video><\/figure>\n<!-- \/wp:video --><\/div><\/li>\n<li><a class=\"wp-block-latest-posts__post-title\" href=\"https:\/\/ousontpasseslesdugongs.org\/blog\/?p=4104\">La Isla Magdalena<\/a><div class=\"wp-block-latest-posts__post-full-content\"><!-- wp:paragraph -->\n<p>Des oiseaux, des poissons et des p\u00eacheurs&#8230; Un petit coup de c\u0153ur pour cette \u00eele discr\u00e8te et simplement belle. <\/p>\n<!-- \/wp:paragraph -->\n\n<!-- wp:video {\"id\":4102} -->\n<figure class=\"wp-block-video\"><video controls poster=\"https:\/\/ousontpasseslesdugongs.org\/blog\/wp-content\/uploads\/2023\/03\/20230223_122111-scaled.jpg\" src=\"https:\/\/ousontpasseslesdugongs.org\/blog\/wp-content\/uploads\/2023\/03\/La_isla_Magdalena_compress.mp4\"><\/video><\/figure>\n<!-- \/wp:video --><\/div><\/li>\n<li><a class=\"wp-block-latest-posts__post-title\" href=\"https:\/\/ousontpasseslesdugongs.org\/blog\/?p=4099\">Puerto San Carlos : sanctuaire des baleines grises!<\/a><div class=\"wp-block-latest-posts__post-full-content\"><!-- wp:paragraph -->\n<p>Il y a des journ\u00e9es qui chamboulent plus que d&rsquo;autres. <\/p>\n<!-- \/wp:paragraph -->\n\n<!-- wp:video {\"id\":4084} -->\n<figure class=\"wp-block-video\"><video controls poster=\"https:\/\/ousontpasseslesdugongs.org\/blog\/wp-content\/uploads\/2023\/03\/GX010605_1678429365722-scaled.jpg\" src=\"https:\/\/ousontpasseslesdugongs.org\/blog\/wp-content\/uploads\/2023\/03\/puerto-san-carols-compress.mp4\"><\/video><\/figure>\n<!-- \/wp:video --><\/div><\/li>\n<li><a class=\"wp-block-latest-posts__post-title\" href=\"https:\/\/ousontpasseslesdugongs.org\/blog\/?p=4096\">Cabo Pulmo : le littoral<\/a><div class=\"wp-block-latest-posts__post-full-content\"><!-- wp:paragraph -->\n<p>Voici une petite promenade \u00e0 la d\u00e9couverte des paysages littoraux de ce parc national. <\/p>\n<!-- \/wp:paragraph -->\n\n<!-- wp:video {\"id\":4083} -->\n<figure class=\"wp-block-video\"><video controls poster=\"https:\/\/ousontpasseslesdugongs.org\/blog\/wp-content\/uploads\/2023\/03\/20230217_133340-scaled.jpg\" src=\"https:\/\/ousontpasseslesdugongs.org\/blog\/wp-content\/uploads\/2023\/03\/Parc_national_de_Cabo_Pulmo_Le_littoral_BasseCalifornie_Mexique.mp4\"><\/video><\/figure>\n<!-- \/wp:video --><\/div><\/li>\n<li><a class=\"wp-block-latest-posts__post-title\" href=\"https:\/\/ousontpasseslesdugongs.org\/blog\/?p=4058\">Du Cambodge au Mexique<\/a><div class=\"wp-block-latest-posts__post-full-content\"><!-- wp:paragraph -->\n<p>En l&rsquo;an deux-mille-cinq de notre calendrier gr\u00e9gorien, Jessica et moi avons fait un mois de d\u00e9couvertes et de voyages au Cambodge.<br>Dix-huit ans apr\u00e8s nous voici au Mexique. Nous sommes marqu\u00e9s par les similitudes de ces pays quasiment diam\u00e9tralement oppos\u00e9s sur le globe. Douze heures de d\u00e9calage horaire, l&rsquo;un dans l&rsquo;h\u00e9misph\u00e8re sud, l&rsquo;autre au nord.<\/p>\n<!-- \/wp:paragraph -->\n\n<!-- wp:paragraph -->\n<p>Tout d&rsquo;abord ces paysages plats du Veracruz, avec une v\u00e9g\u00e9tation tropicale, des \u00e9tendues d&rsquo;eau entre lesquelles circule une route. Le fleuve suit la pente, la route suit le fleuve et les habitants vivent de part et d&rsquo;autre de cette route. Des maisons, des cases f\u00e9briles, des animaux qui traversent la route, des p\u00eacheurs et des paysants. Les \u00eatres ici et l\u00e0-bas sont plut\u00f4t petits de taille, aimables. Ici et l\u00e0-bas, on charge les motos d&rsquo;un maximum\u00a0 de passagers,\u00a0 de longs bambous ou de biens de toute sorte. Les voitures taxis existent mais nous avons travers\u00e9 des villages o\u00f9 il y a surtout des moto-taxis pour vous transporter. De temps en temps des \u00ab\u00a0vulcanizadores\u00a0\u00bb dont l&rsquo;enseigne est un vieux pneu accroch\u00e9 au mur. Souvenir d&rsquo;une r\u00e9paration de pneu, un soir tard sur les routes cambodgiennes.<\/p>\n<!-- \/wp:paragraph -->\n\n<!-- wp:image {\"id\":4085,\"sizeSlug\":\"full\",\"linkDestination\":\"media\"} -->\n<figure class=\"wp-block-image size-full\"><a href=\"https:\/\/ousontpasseslesdugongs.org\/blog\/wp-content\/uploads\/2023\/03\/20230301_090811-scaled.jpg\"><img loading=\"lazy\" decoding=\"async\" width=\"2560\" height=\"1632\" src=\"https:\/\/ousontpasseslesdugongs.org\/blog\/wp-content\/uploads\/2023\/03\/20230301_090811-scaled.jpg\" alt=\"\" class=\"wp-image-4085\" srcset=\"https:\/\/ousontpasseslesdugongs.org\/blog\/wp-content\/uploads\/2023\/03\/20230301_090811-scaled.jpg 2560w, https:\/\/ousontpasseslesdugongs.org\/blog\/wp-content\/uploads\/2023\/03\/20230301_090811-300x191.jpg 300w, https:\/\/ousontpasseslesdugongs.org\/blog\/wp-content\/uploads\/2023\/03\/20230301_090811-1024x653.jpg 1024w, https:\/\/ousontpasseslesdugongs.org\/blog\/wp-content\/uploads\/2023\/03\/20230301_090811-768x489.jpg 768w, https:\/\/ousontpasseslesdugongs.org\/blog\/wp-content\/uploads\/2023\/03\/20230301_090811-1536x979.jpg 1536w, https:\/\/ousontpasseslesdugongs.org\/blog\/wp-content\/uploads\/2023\/03\/20230301_090811-2048x1305.jpg 2048w, https:\/\/ousontpasseslesdugongs.org\/blog\/wp-content\/uploads\/2023\/03\/20230301_090811-1320x841.jpg 1320w\" sizes=\"auto, (max-width: 2560px) 100vw, 2560px\" \/><\/a><figcaption class=\"wp-element-caption\">Au Veracruz <\/figcaption><\/figure>\n<!-- \/wp:image -->\n\n<!-- wp:paragraph -->\n<p>Ce sont aussi des histoires de civilisations antiques qui ont laiss\u00e9 des vestiges de temples et de villes ensevellis par la jungle et r\u00e9cemment red\u00e9couverts et remis \u00e0 la vue de tous. \u00c0 Angkor comme \u00e0 Palenque, les \u00e9difices des civilisations Khmer et Maya ont \u00e9t\u00e9 ab\u00eem\u00e9s par le temps et la force de la nature mais ils restent tout de m\u00eame impressionnants d&rsquo;ing\u00e9niosit\u00e9 de construction, surtout pour l&rsquo;\u00e9poque. Et tous les secrets n&rsquo;y sont pas d\u00e9couverts.<\/p>\n<!-- \/wp:paragraph -->\n\n<!-- wp:paragraph -->\n<p>On apprend \u00e0 l&rsquo;\u00e9cole que Christophe Colomb a d\u00e9couvert l&rsquo;Am\u00e9rique. Victor, notre guide du jour, r\u00e9plique que c&rsquo;est le dernier \u00e0 avoir d\u00e9couvert l&rsquo;Am\u00e9rique. Avant lui, les Gregs, les Isra\u00e9lites, les \u00c9gyptiens, les Chinois, les Indous auraient laiss\u00e9s des traces de leurs influences successives dans les peintures, gravures et \u00e9l\u00e9ments architecturaux mayas.<\/p>\n<!-- \/wp:paragraph -->\n\n<!-- wp:image {\"id\":4086,\"sizeSlug\":\"large\",\"linkDestination\":\"media\"} -->\n<figure class=\"wp-block-image size-large\"><a href=\"https:\/\/ousontpasseslesdugongs.org\/blog\/wp-content\/uploads\/2023\/03\/20230302_105917-scaled.jpg\"><img loading=\"lazy\" decoding=\"async\" width=\"1024\" height=\"768\" src=\"https:\/\/ousontpasseslesdugongs.org\/blog\/wp-content\/uploads\/2023\/03\/20230302_105917-1024x768.jpg\" alt=\"\" class=\"wp-image-4086\" srcset=\"https:\/\/ousontpasseslesdugongs.org\/blog\/wp-content\/uploads\/2023\/03\/20230302_105917-1024x768.jpg 1024w, https:\/\/ousontpasseslesdugongs.org\/blog\/wp-content\/uploads\/2023\/03\/20230302_105917-300x225.jpg 300w, https:\/\/ousontpasseslesdugongs.org\/blog\/wp-content\/uploads\/2023\/03\/20230302_105917-768x576.jpg 768w, https:\/\/ousontpasseslesdugongs.org\/blog\/wp-content\/uploads\/2023\/03\/20230302_105917-1536x1152.jpg 1536w, https:\/\/ousontpasseslesdugongs.org\/blog\/wp-content\/uploads\/2023\/03\/20230302_105917-2048x1536.jpg 2048w, https:\/\/ousontpasseslesdugongs.org\/blog\/wp-content\/uploads\/2023\/03\/20230302_105917-1320x990.jpg 1320w\" sizes=\"auto, (max-width: 1024px) 100vw, 1024px\" \/><\/a><figcaption class=\"wp-element-caption\">Victor devant un temple de Palenque<\/figcaption><\/figure>\n<!-- \/wp:image -->\n\n<!-- wp:paragraph -->\n<p>Les Mayas, d&rsquo;ailleurs, n&rsquo;auraient pas exist\u00e9 en tant que tel mais auraient \u00e9t\u00e9 une multitude d&rsquo;ethnies diff\u00e9rentes. Ce seraient les Espagnols qui en arrivant auraient demand\u00e9 : \u00ab\u00a0Comment vous appelez-vous?\u00a0\u00bb On leur aurait r\u00e9pondu \u00ab\u00a0Mayok\u00a0\u00bb qui signifie \u00ab\u00a0Je ne comprends pas\u00a0\u00bb. Les espagnols les ont appel\u00e9s Mayas.<\/p>\n<!-- \/wp:paragraph -->\n\n<!-- wp:paragraph -->\n<p>Chacun \u00e9crit l&rsquo;histoire qui lui convient.<\/p>\n<!-- \/wp:paragraph -->\n\n<!-- wp:paragraph -->\n<p>Voici donc la mienne de ce jour.<\/p>\n<!-- \/wp:paragraph -->\n\n<!-- wp:paragraph -->\n<p>Vincent<\/p>\n<!-- \/wp:paragraph --><\/div><\/li>\n<li><a class=\"wp-block-latest-posts__post-title\" href=\"https:\/\/ousontpasseslesdugongs.org\/blog\/?p=4069\">Le ranch Cactimar, La Paz<\/a><div class=\"wp-block-latest-posts__post-full-content\"><!-- wp:paragraph -->\n<p>Non loin de La Paz, il y a une famille de fran\u00e7ais install\u00e9e dans le d\u00e9sert \ud83c\udfdc! Ils sont partis du sable, et ils ont tout fabriqu\u00e9 dans un esprit de partage et de respect des vivants ! <\/p>\n<!-- \/wp:paragraph -->\n\n<!-- wp:paragraph -->\n<p>On a ador\u00e9 vivre leur quotidien quelques jours &#8230; un v\u00e9ritable coup de c\u0153ur pour nous 4! Janis et Mah\u00e9 passaient des heures dans les dunes, \u00e0 rire et jouer au milieu des cactus!<\/p>\n<!-- \/wp:paragraph -->\n\n<!-- wp:paragraph -->\n<p>Une petite vid\u00e9o pour vous en dire plus :<\/p>\n<!-- \/wp:paragraph -->\n\n<!-- wp:video {\"id\":4057} -->\n<figure class=\"wp-block-video\"><video controls poster=\"https:\/\/ousontpasseslesdugongs.org\/blog\/wp-content\/uploads\/2023\/03\/20230219_070935-scaled.jpg\" src=\"https:\/\/ousontpasseslesdugongs.org\/blog\/wp-content\/uploads\/2023\/03\/Le_ranch_Cactimar_La_Paz_BasseCalifornie_Mexique.compress.mp4\"><\/video><\/figure>\n<!-- \/wp:video --><\/div><\/li>\n<li><a class=\"wp-block-latest-posts__post-title\" href=\"https:\/\/ousontpasseslesdugongs.org\/blog\/?p=4062\">Parc national de Cabo Pulmo &#8211; Vie marine<\/a><div class=\"wp-block-latest-posts__post-full-content\"><!-- wp:paragraph -->\n<p>Nous avons pass\u00e9 quelques jours dans le parc national de Cabo Pulmo. C&rsquo;est plus loin que le bout de la route&#8230; encore des pistes qui soul\u00e8vent la poussi\u00e8re ! On en a plein les narines et plein les yeux!<\/p>\n<!-- \/wp:paragraph -->\n\n<!-- wp:paragraph -->\n<p>Nous sommes all\u00e9s mettre la t\u00eate sous l&rsquo;eau et avons pu faire de belles rencontres (humaines et pas que !). <\/p>\n<!-- \/wp:paragraph -->\n\n<!-- wp:video {\"id\":4061} -->\n<figure class=\"wp-block-video\"><video controls poster=\"https:\/\/ousontpasseslesdugongs.org\/blog\/wp-content\/uploads\/2023\/03\/GOPR0536_y8pEMZbXzgvRB_0_1677826948718-scaled.jpg\" src=\"https:\/\/ousontpasseslesdugongs.org\/blog\/wp-content\/uploads\/2023\/03\/Cabo_pulmo_Vie_Marine_compress.mp4\"><\/video><\/figure>\n<!-- \/wp:video --><\/div><\/li>\n<li><a class=\"wp-block-latest-posts__post-title\" href=\"https:\/\/ousontpasseslesdugongs.org\/blog\/?p=4055\">La vie dans le d\u00e9sert : le crotale (La Paz\/ Mexique)<\/a><div class=\"wp-block-latest-posts__post-full-content\"><!-- wp:paragraph -->\n<p>La Basse-Californie est un territoire impressionnant. Nous avons pass\u00e9 quelques jours dans un ranch dans le d\u00e9sert et m\u00eame dans ces endroits secs, la vie s&rsquo;installe. Il y a des mygales, et m\u00eame le fameux crotale.<\/p>\n<!-- \/wp:paragraph -->\n\n<!-- wp:paragraph -->\n<p>Le crotale cascabelle (de l&rsquo;espagnol \u00ab\u00a0grelot\u00a0\u00bb) cause la terreur des papas et mamans quand leurs enfants jouent dans les dunes. Voici quelques histoires recueillies par les enfants aupr\u00e8s de leur amie Lucie, fille du d\u00e9sert de Basse-Californie.<\/p>\n<!-- \/wp:paragraph -->\n\n<!-- wp:video {\"id\":4052} -->\n<figure class=\"wp-block-video\"><video controls src=\"https:\/\/ousontpasseslesdugongs.org\/blog\/wp-content\/uploads\/2023\/02\/La_vie_au_ranch_les_crotales_compres.mp4\"><\/video><\/figure>\n<!-- \/wp:video --><\/div><\/li>\n<li><a class=\"wp-block-latest-posts__post-title\" href=\"https:\/\/ousontpasseslesdugongs.org\/blog\/?p=4049\">Une escale \u00e0 Miami<\/a><div class=\"wp-block-latest-posts__post-full-content\"><!-- wp:paragraph -->\n<p>Voici une ville am\u00e9ricaine aux accents cubains. Nous avons profit\u00e9 d&rsquo;une escale de quelques jours pour d\u00e9couvrir quelques quartiers. C&rsquo;est parti pour une vir\u00e9e sur Miami beach?<\/p>\n<!-- \/wp:paragraph -->\n\n<!-- wp:video {\"id\":3982} -->\n<figure class=\"wp-block-video\"><video controls src=\"https:\/\/ousontpasseslesdugongs.org\/blog\/wp-content\/uploads\/2023\/02\/welcome-to-miami-compress1.mp4\"><\/video><\/figure>\n<!-- \/wp:video --><\/div><\/li>\n<li><a class=\"wp-block-latest-posts__post-title\" href=\"https:\/\/ousontpasseslesdugongs.org\/blog\/?p=3962\">Les Everglades<\/a><div class=\"wp-block-latest-posts__post-full-content\"><!-- wp:paragraph -->\n<p>Arriv\u00e9s en Floride, nous sommes all\u00e9s au Parc National des Everglades. Attention aux crocos&#8230;<\/p>\n<!-- \/wp:paragraph -->\n\n<!-- wp:video {\"id\":3961} -->\n<figure class=\"wp-block-video\"><video controls poster=\"https:\/\/ousontpasseslesdugongs.org\/blog\/wp-content\/uploads\/2023\/02\/20230216_110724-scaled.jpg\" src=\"https:\/\/ousontpasseslesdugongs.org\/blog\/wp-content\/uploads\/2023\/02\/Parc_des_Everglades-compres1.mp4\"><\/video><\/figure>\n<!-- \/wp:video --><\/div><\/li>\n<li><a class=\"wp-block-latest-posts__post-title\" href=\"https:\/\/ousontpasseslesdugongs.org\/blog\/?p=3970\">Par\u00e9s pour le d\u00e9part !<\/a><div class=\"wp-block-latest-posts__post-full-content\"><!-- wp:paragraph -->\n<p>Voil\u00e0 des ann\u00e9es qu&rsquo;on r\u00eave de bifurquer quelques instants. Et \u00e7a y est ! C&rsquo;est le moment!<\/p>\n<!-- \/wp:paragraph -->\n\n<!-- wp:paragraph -->\n<p>D\u00e9couvrir des paysages, des histoires, des accents. Prendre le temps. S&rsquo;extirper du chemin, main dans la main.<\/p>\n<!-- \/wp:paragraph -->\n\n<!-- wp:paragraph -->\n<p>Avant de nous envoler, il fallait s&rsquo;organiser un peu&#8230; Le voyage commen\u00e7ait d\u00e9j\u00e0 quand on s&rsquo;y pr\u00e9parait. Voici quelques moments choisis &#8230; et c&rsquo;est parti ! <\/p>\n<!-- \/wp:paragraph -->\n\n<!-- wp:video {\"id\":3969} -->\n<figure class=\"wp-block-video\"><video controls poster=\"https:\/\/ousontpasseslesdugongs.org\/blog\/wp-content\/uploads\/2023\/02\/20230214_110241-scaled.jpg\" src=\"https:\/\/ousontpasseslesdugongs.org\/blog\/wp-content\/uploads\/2023\/02\/Pares_pour_le_depart.mp4\"><\/video><\/figure>\n<!-- \/wp:video --><\/div><\/li>\n<\/ul>","protected":false},"excerpt":{"rendered":"","protected":false},"author":1,"featured_media":0,"parent":0,"menu_order":0,"comment_status":"open","ping_status":"closed","template":"","meta":{"ngg_post_thumbnail":0,"footnotes":""},"class_list":["post-4300","page","type-page","status-publish","hentry"],"_links":{"self":[{"href":"https:\/\/ousontpasseslesdugongs.org\/blog\/index.php?rest_route=\/wp\/v2\/pages\/4300","targetHints":{"allow":["GET"]}}],"collection":[{"href":"https:\/\/ousontpasseslesdugongs.org\/blog\/index.php?rest_route=\/wp\/v2\/pages"}],"about":[{"href":"https:\/\/ousontpasseslesdugongs.org\/blog\/index.php?rest_route=\/wp\/v2\/types\/page"}],"author":[{"embeddable":true,"href":"https:\/\/ousontpasseslesdugongs.org\/blog\/index.php?rest_route=\/wp\/v2\/users\/1"}],"replies":[{"embeddable":true,"href":"https:\/\/ousontpasseslesdugongs.org\/blog\/index.php?rest_route=%2Fwp%2Fv2%2Fcomments&post=4300"}],"version-history":[{"count":4,"href":"https:\/\/ousontpasseslesdugongs.org\/blog\/index.php?rest_route=\/wp\/v2\/pages\/4300\/revisions"}],"predecessor-version":[{"id":4387,"href":"https:\/\/ousontpasseslesdugongs.org\/blog\/index.php?rest_route=\/wp\/v2\/pages\/4300\/revisions\/4387"}],"wp:attachment":[{"href":"https:\/\/ousontpasseslesdugongs.org\/blog\/index.php?rest_route=%2Fwp%2Fv2%2Fmedia&parent=4300"}],"curies":[{"name":"wp","href":"https:\/\/api.w.org\/{rel}","templated":true}]}}